{"id":2083,"date":"2022-12-19T11:02:50","date_gmt":"2022-12-19T17:02:50","guid":{"rendered":"https:\/\/printseg.com.mx\/?page_id=2083"},"modified":"2022-12-19T11:05:57","modified_gmt":"2022-12-19T17:05:57","slug":"aviso-de-privacidad","status":"publish","type":"page","link":"https:\/\/printseg.com.mx\/index.php\/aviso-de-privacidad\/","title":{"rendered":"Aviso de Privacidad"},"content":{"rendered":"<p>[vc_row][vc_column width=&#8221;1\/4&#8243;][\/vc_column][vc_column width=&#8221;1\/2&#8243;][vc_column_text]<\/p>\r\n<p>Protecci\u00f3n Integral y Seguridad privada S.A. de C.V., con domicilio en Insurgentes Centro 132 Despacho 407, Col. Tabacalera, C.P. 06030, Cuauht\u00e9moc CDMX, empresa responsable y consciente de la importancia de la seguridad de la informaci\u00f3n. Comunican por este medio a sus clientes, proveedores, empleados, exempleados, candidatos y a toda persona que tiene o mantuvo alguna relaci\u00f3n laboral o de negocios, de manera directa con alguna de las empresas antes mencionadas, que todos los datos personales (incluyendo los datos sensibles) recabados a trav\u00e9s de los diferentes medios como son: Electr\u00f3nicos, formatos impresos, entrevistas, circuito cerrado de televisi\u00f3n, entre otros, y que han sido recopilados por las personas que por la naturaleza de su trabajo o funciones dentro de Grupo Consultores Seguridad Privada Integral, S.A. de C.V, as\u00ed lo requieren, son y ser\u00e1n utilizados \u00fanica y exclusivamente para los fines laborales y de negocios para los cuales fueron recabados.<\/p>\r\n\r\n<p>Los datos personales que tiene Protecci\u00f3n Integral y Seguridad privada S.A. de C.V bajo su resguardo podr\u00e1 ser transferidos \u00fanicamente con clientes u otro particular, salvo que el titular respectivo manifieste expresamente su oposici\u00f3n, en t\u00e9rminos de lo dispuesto por la Ley Federal de Protecci\u00f3n de Datos Personales en Posesi\u00f3n de los Particulares (LFPDPPP).<\/p>\r\n\r\n<p>Asimismo, Protecci\u00f3n Integral y Seguridad privada S.A. de C.V podr\u00e1 transferir los datos<br \/>personales recabados a trav\u00e9s de los diferentes medios antes mencionados, incluyendo las im\u00e1genes obtenidas del circuito cerrado de televisi\u00f3n a las autoridades\u00a0 correspondientes en cumplimiento con requerimientos judiciales y de otras leyes vigentes en M\u00e9xico.<\/p>\r\n\r\n<p>El Titular podr\u00e1 realizar cualquier tr\u00e1mite sobre los derechos ARCO y\/o Revocaci\u00f3n de su consentimiento a trav\u00e9s del correo electr\u00f3nico arco@seguridadgc.com o en las oficinas de Protecci\u00f3n Integral y Seguridad privada S.A. de C.V con el Coordinador de Normatividad, mediante una solicitud por escrito, que incluya:<\/p>\r\n\r\n<p>\u2022 Nombre y firma aut\u00f3grafa del titular, as\u00ed como un domicilio u otro medio para comunicarle la respuesta a su solicitud.<br \/>\u2022 Acompa\u00f1ar los documentos oficiales que acrediten la identidad del titular.<br \/>\u2022 Incluir una descripci\u00f3n clara y precisa de los datos personales respecto de los cuales<br \/>ejercitar los derechos que les confiere la LFDPDPPP.<br \/>\u2022 Incluir cualquier informaci\u00f3n que facilite la localizaci\u00f3n de los datos personales de que se traten.<\/p>\r\n\r\n<p>Para consultar nuestro Aviso de Privacidad completo ingrese a nuestro sitio web Printseg \u2013 Protecci\u00f3n Integral y Seguridad Privada<\/p>\r\n\r\n<p>Protecci\u00f3n Integral y Seguridad privada S.A. de C.V. se reserva el derecho de enmendar o modificar su Aviso de Privacidad como estime conveniente, por ejemplo: Para cumplir con cambios a la legislaci\u00f3n sobre protecci\u00f3n de datos o cumplir con disposiciones internas de la Organizaci\u00f3n, para lo cual le informar\u00e1 y pondr\u00e1 a su disposici\u00f3n, el Aviso de Privacidad actualizado cuando se le hagan cambios significativos al mismo, as\u00ed como cuando se requiera recabar su consentimiento a trav\u00e9s de su sitio web Printseg \u2013 Protecci\u00f3n Integral y Seguridad Privada<\/p>\r\n<p>[\/vc_column_text][\/vc_column][vc_column width=&#8221;1\/4&#8243;][\/vc_column][\/vc_row]<\/p>","protected":false},"excerpt":{"rendered":"<p>[vc_row][vc_column width=&#8221;1\/4&#8243;][\/vc_column][vc_column width=&#8221;1\/2&#8243;][vc_column_text] Protecci\u00f3n Integral y Seguridad privada S.A. de C.V., con domicilio en Insurgentes Centro 132 Despacho 407, Col. Tabacalera, C.P. 06030, Cuauht\u00e9moc CDMX, empresa responsable y consciente de la importancia de la seguridad de la informaci\u00f3n. Comunican por este medio a sus clientes, proveedores, empleados, exempleados, candidatos y a toda persona que tiene [&hellip;]<\/p>\n","protected":false},"author":1,"featured_media":0,"parent":0,"menu_order":0,"comment_status":"closed","ping_status":"closed","template":"","meta":[],"_links":{"self":[{"href":"https:\/\/printseg.com.mx\/index.php\/wp-json\/wp\/v2\/pages\/2083"}],"collection":[{"href":"https:\/\/printseg.com.mx\/index.php\/wp-json\/wp\/v2\/pages"}],"about":[{"href":"https:\/\/printseg.com.mx\/index.php\/wp-json\/wp\/v2\/types\/page"}],"author":[{"embeddable":true,"href":"https:\/\/printseg.com.mx\/index.php\/wp-json\/wp\/v2\/users\/1"}],"replies":[{"embeddable":true,"href":"https:\/\/printseg.com.mx\/index.php\/wp-json\/wp\/v2\/comments?post=2083"}],"version-history":[{"count":3,"href":"https:\/\/printseg.com.mx\/index.php\/wp-json\/wp\/v2\/pages\/2083\/revisions"}],"predecessor-version":[{"id":2086,"href":"https:\/\/printseg.com.mx\/index.php\/wp-json\/wp\/v2\/pages\/2083\/revisions\/2086"}],"wp:attachment":[{"href":"https:\/\/printseg.com.mx\/index.php\/wp-json\/wp\/v2\/media?parent=2083"}],"curies":[{"name":"wp","href":"https:\/\/api.w.org\/{rel}","templated":true}]}}