{"id":1939,"date":"2021-02-25T18:32:34","date_gmt":"2021-02-25T18:32:34","guid":{"rendered":"http:\/\/printseg.com.mx\/?page_id=1939"},"modified":"2021-02-25T19:56:44","modified_gmt":"2021-02-25T19:56:44","slug":"seguridad-armada","status":"publish","type":"page","link":"https:\/\/printseg.com.mx\/index.php\/seguridad-armada\/","title":{"rendered":"Seguridad Armada"},"content":{"rendered":"<p>[vc_row full_width=&#8221;stretch_row&#8221; gap=&#8221;35&#8243; css=&#8221;.vc_custom_1457512032984{background-color: #f7f7f7 !important;}&#8221;][vc_column width=&#8221;1\/2&#8243;][tt_gm_info_block_shortcode sort_1=&#8221;o-subtitle&#8221; sort_2=&#8221;o-title&#8221; sort_3=&#8221;o-separator&#8221; sort_4=&#8221;o-blockquote&#8221; sort_5=&#8221;o-description&#8221; title=&#8221;Armada&#8221; title_space=&#8221;30&#8243; subtitle=&#8221;Seguridad&#8221; teaser_size=&#8221;16&#8243; blq_space=&#8221;20&#8243; sp_space=&#8221;40&#8243; description=&#8221;Lorem ipsum dolor sit amet consectetur adipisicing elit sed dolora eiusmod tempor incididunt dolor magna aliqua ellut enim ad minim veniam quis nostrud exercitation ullamco aboris nisi aliquipue sed commod conseque aute irure dolor.&#8221; line=&#8221;yes&#8221;]El servicio de seguridad armada proveer\u00e1 a tu empresa de guardias especializados y capacitados en el uso y manejo de armas, esto por medio de nuestro socio MOSEG, los cuales\u00a0 se encuentran bajo las condiciones legales y con los permisos necesarios por parte de la Secretar\u00eda de la Defensa Nacional en orden.<\/p>\n<p>PRINTSEG pone a tu alcance a trav\u00e9s de nuestro socio comercial MOSEG:<\/p>\n<ul>\n<li>Guardias de Seguridad Intramuros Armados.<\/li>\n<li>Custodios Armados.<\/li>\n<\/ul>\n<p>Todos los elementos est\u00e1n capacitados en el uso y manejo de armas conforme a los requerimientos de la Secretar\u00eda de la Defensa Nacional.[\/tt_gm_info_block_shortcode][\/vc_column][vc_column width=&#8221;1\/2&#8243;][vc_single_image image=&#8221;1438&#8243; img_size=&#8221;650&#215;410&#8243; alignment=&#8221;right&#8221;][vc_empty_space height=&#8221;65px&#8221;][\/vc_column][\/vc_row][vc_row full_width=&#8221;stretch_row_content_no_spaces&#8221;][vc_column width=&#8221;1\/3&#8243; css=&#8221;.vc_custom_1457709892003{padding-top: 0px !important;}&#8221;][vc_single_image image=&#8221;1974&#8243; img_size=&#8221;full&#8221; css=&#8221;.vc_custom_1614282956899{margin-bottom: 0px !important;}&#8221;][\/vc_column][vc_column width=&#8221;1\/3&#8243; css=&#8221;.vc_custom_1457709898521{padding-top: 0px !important;}&#8221;][vc_single_image image=&#8221;1927&#8243; img_size=&#8221;full&#8221; css=&#8221;.vc_custom_1614282970019{margin-bottom: 0px !important;}&#8221;][\/vc_column][vc_column width=&#8221;1\/3&#8243; css=&#8221;.vc_custom_1457709903721{padding-top: 0px !important;}&#8221;][vc_single_image image=&#8221;1975&#8243; img_size=&#8221;full&#8221; css=&#8221;.vc_custom_1614282999049{margin-bottom: 0px !important;}&#8221;][\/vc_column][\/vc_row][vc_row full_width=&#8221;stretch_row&#8221; el_class=&#8221;working-with-us&#8221; css=&#8221;.vc_custom_1457625692082{padding-top: 30px !important;background-color: #ffffff !important;}&#8221;][vc_column width=&#8221;1\/2&#8243; css=&#8221;.vc_custom_1457783805880{margin-bottom: 0px !important;margin-left: -40px !important;}&#8221;][vc_single_image image=&#8221;1472&#8243; img_size=&#8221;full&#8221; alignment=&#8221;center&#8221; css=&#8221;.vc_custom_1457619774388{margin-bottom: 0px !important;}&#8221;][\/vc_column][vc_column width=&#8221;1\/2&#8243; css=&#8221;.vc_custom_1457783738520{margin-left: -80px !important;}&#8221;][tt_gm_info_block_shortcode sort_1=&#8221;o-title&#8221; sort_2=&#8221;o-separator&#8221; sort_3=&#8221;o-blockquote&#8221; sort_4=&#8221;o-button&#8221; title=&#8221;Cont\u00e1ctenos y solicite su cotizaci\u00f3n&#8221; sbtitle_space=&#8221;45&#8243; blq=&#8221;El compromiso de PRINTSEG Protecci\u00f3n Integral y Seguridad Privada es ofrecer servicios de seguridad eficientes y proporcionar soluciones efectivas a los asociados comerciales que contribuyan al logro de objetivos y metas organizacionales.&#8221; teaser_size=&#8221;16&#8243; blq_space=&#8221;50&#8243; b_title=&#8221;CONTACTO&#8221; link=&#8221;http:\/\/printseg.com.mx\/index.php\/contacto\/&#8221; line=&#8221;yes&#8221;][\/tt_gm_info_block_shortcode][\/vc_column][\/vc_row]<\/p>\n","protected":false},"excerpt":{"rendered":"<p>[vc_row full_width=&#8221;stretch_row&#8221; gap=&#8221;35&#8243; css=&#8221;.vc_custom_1457512032984{background-color: #f7f7f7 !important;}&#8221;][vc_column width=&#8221;1\/2&#8243;][tt_gm_info_block_shortcode sort_1=&#8221;o-subtitle&#8221; sort_2=&#8221;o-title&#8221; sort_3=&#8221;o-separator&#8221; sort_4=&#8221;o-blockquote&#8221; sort_5=&#8221;o-description&#8221; title=&#8221;Armada&#8221; title_space=&#8221;30&#8243; subtitle=&#8221;Seguridad&#8221; teaser_size=&#8221;16&#8243; blq_space=&#8221;20&#8243; sp_space=&#8221;40&#8243; description=&#8221;Lorem ipsum dolor sit amet consectetur adipisicing elit sed dolora eiusmod tempor incididunt dolor magna aliqua ellut enim ad minim veniam quis nostrud exercitation ullamco aboris nisi aliquipue sed commod conseque aute irure dolor.&#8221; line=&#8221;yes&#8221;]El servicio de [&hellip;]<\/p>\n","protected":false},"author":1,"featured_media":0,"parent":0,"menu_order":0,"comment_status":"closed","ping_status":"closed","template":"","meta":[],"_links":{"self":[{"href":"https:\/\/printseg.com.mx\/index.php\/wp-json\/wp\/v2\/pages\/1939"}],"collection":[{"href":"https:\/\/printseg.com.mx\/index.php\/wp-json\/wp\/v2\/pages"}],"about":[{"href":"https:\/\/printseg.com.mx\/index.php\/wp-json\/wp\/v2\/types\/page"}],"author":[{"embeddable":true,"href":"https:\/\/printseg.com.mx\/index.php\/wp-json\/wp\/v2\/users\/1"}],"replies":[{"embeddable":true,"href":"https:\/\/printseg.com.mx\/index.php\/wp-json\/wp\/v2\/comments?post=1939"}],"version-history":[{"count":3,"href":"https:\/\/printseg.com.mx\/index.php\/wp-json\/wp\/v2\/pages\/1939\/revisions"}],"predecessor-version":[{"id":1976,"href":"https:\/\/printseg.com.mx\/index.php\/wp-json\/wp\/v2\/pages\/1939\/revisions\/1976"}],"wp:attachment":[{"href":"https:\/\/printseg.com.mx\/index.php\/wp-json\/wp\/v2\/media?parent=1939"}],"curies":[{"name":"wp","href":"https:\/\/api.w.org\/{rel}","templated":true}]}}