{"id":1937,"date":"2021-02-25T18:31:19","date_gmt":"2021-02-25T18:31:19","guid":{"rendered":"http:\/\/printseg.com.mx\/?page_id=1937"},"modified":"2021-02-25T19:40:28","modified_gmt":"2021-02-25T19:40:28","slug":"consultoria-seguridad-privada","status":"publish","type":"page","link":"https:\/\/printseg.com.mx\/index.php\/consultoria-seguridad-privada\/","title":{"rendered":"Consultor\u00eda en Seguridad Privada"},"content":{"rendered":"<p>[vc_row full_width=&#8221;stretch_row&#8221; gap=&#8221;35&#8243; css=&#8221;.vc_custom_1457512032984{background-color: #f7f7f7 !important;}&#8221;][vc_column width=&#8221;1\/2&#8243;][tt_gm_info_block_shortcode sort_1=&#8221;o-subtitle&#8221; sort_2=&#8221;o-title&#8221; sort_3=&#8221;o-separator&#8221; sort_4=&#8221;o-blockquote&#8221; sort_5=&#8221;o-description&#8221; title=&#8221;Seguridad Privada&#8221; title_space=&#8221;30&#8243; subtitle=&#8221;Consultor\u00eda&#8221; teaser_size=&#8221;16&#8243; blq_space=&#8221;20&#8243; sp_space=&#8221;40&#8243; description=&#8221;Lorem ipsum dolor sit amet consectetur adipisicing elit sed dolora eiusmod tempor incididunt dolor magna aliqua ellut enim ad minim veniam quis nostrud exercitation ullamco aboris nisi aliquipue sed commod conseque aute irure dolor.&#8221; line=&#8221;yes&#8221;]La situaci\u00f3n que se vive en el pa\u00eds exige tomar una serie de medidas para contrarrestar los efectos de la delincuencia que, en los \u00faltimos a\u00f1os ha cobrado un costo alto en los niveles pol\u00edtico, econ\u00f3mico y social.<\/p>\n<p>Inclusive, ha provocado que empleados incurran en actividades il\u00edcitas y\/o\u00a0 deshonestas dentro de las empresas, afectando el patrimonio de las mismas,\u00a0 por lo que es necesario iniciar una \u00a0nueva <b><i>cultura de seguridad<\/i><\/b>.<\/p>\n<p>Beneficios:<\/p>\n<ul>\n<li>Protecci\u00f3n de sus Activos,<\/li>\n<li>Prevenci\u00f3n de Riesgos Laborales,<\/li>\n<li>Identificaci\u00f3n de Factores de Riesgo,<\/li>\n<li>Identificaci\u00f3n de Zonas de Riesgo,<\/li>\n<li>Prevenci\u00f3n de P\u00e9rdidas,<\/li>\n<li>Detecci\u00f3n de robo interno (ROBO HORMIGA) y contubernio con proveedores.<\/li>\n<\/ul>\n<p>[\/tt_gm_info_block_shortcode][\/vc_column][vc_column width=&#8221;1\/2&#8243;][vc_single_image image=&#8221;1438&#8243; img_size=&#8221;650&#215;410&#8243; alignment=&#8221;right&#8221;][vc_empty_space height=&#8221;65px&#8221;][\/vc_column][\/vc_row][vc_row full_width=&#8221;stretch_row&#8221; parallax=&#8221;content-moving&#8221; parallax_image=&#8221;1453&#8243;][vc_column][vc_empty_space height=&#8221;80px&#8221;][vc_row_inner css=&#8221;.vc_custom_1457624625533{margin-bottom: 40px !important;}&#8221;][vc_column_inner width=&#8221;1\/4&#8243;][\/vc_column_inner][vc_column_inner width=&#8221;1\/2&#8243;][tt_gm_title_shortcode title_type=&#8221;type_2&#8243; title=&#8221;PRINTSEG OFRECE&#8221; title_color=&#8221;#ffffff&#8221; sbtitle=&#8221;Conoce todo lo que ofrecemos as\u00ed como los beneficios que tendr\u00e1s con nosotros.&#8221; sbtitle_color=&#8221;#ffffff&#8221; sptitle=&#8221;CON\u00d3CENOS&#8221; sptitle_color=&#8221;#ffffff&#8221; el_class=&#8221;teaser-subtitle&#8221;][\/vc_column_inner][vc_column_inner width=&#8221;1\/4&#8243;][\/vc_column_inner][\/vc_row_inner][vc_row_inner css=&#8221;.vc_custom_1457624688082{margin-top: 40px !important;margin-bottom: 85px !important;}&#8221;][vc_column_inner width=&#8221;1\/3&#8243;][tt_gm_list_content_shortcode][tt_gm_list_content_item_shortcode title=&#8221;Seguridad en los Activos de las Empresas.&#8221; itemcolor=&#8221;#ffffff&#8221;][tt_gm_list_content_item_shortcode title=&#8221;Protecci\u00f3n para Ejecutivos y sus Familias.&#8221; itemcolor=&#8221;#ffffff&#8221;][\/tt_gm_list_content_shortcode][\/vc_column_inner][vc_column_inner width=&#8221;1\/3&#8243;][vc_single_image image=&#8221;1457&#8243; img_size=&#8221;full&#8221; alignment=&#8221;center&#8221;][\/vc_column_inner][vc_column_inner width=&#8221;1\/3&#8243;][tt_gm_list_content_shortcode list_content_type=&#8221;style_2&#8243;][tt_gm_list_content_item_shortcode title=&#8221;Estudios Espec\u00edficos de Seguridad.&#8221; itemcolor=&#8221;#ffffff&#8221;][tt_gm_list_content_item_shortcode title=&#8221;An\u00e1lisis y Determinaci\u00f3n de Responsabilidades.&#8221; itemcolor=&#8221;#ffffff&#8221;][\/tt_gm_list_content_shortcode][\/vc_column_inner][\/vc_row_inner][\/vc_column][\/vc_row][vc_row full_width=&#8221;stretch_row&#8221; el_class=&#8221;working-with-us&#8221; css=&#8221;.vc_custom_1457625692082{padding-top: 30px !important;background-color: #ffffff !important;}&#8221;][vc_column width=&#8221;1\/2&#8243; css=&#8221;.vc_custom_1457783805880{margin-bottom: 0px !important;margin-left: -40px !important;}&#8221;][vc_single_image image=&#8221;1472&#8243; img_size=&#8221;full&#8221; alignment=&#8221;center&#8221; css=&#8221;.vc_custom_1457619774388{margin-bottom: 0px !important;}&#8221;][\/vc_column][vc_column width=&#8221;1\/2&#8243; css=&#8221;.vc_custom_1457783738520{margin-left: -80px !important;}&#8221;][tt_gm_info_block_shortcode sort_1=&#8221;o-title&#8221; sort_2=&#8221;o-separator&#8221; sort_3=&#8221;o-blockquote&#8221; sort_4=&#8221;o-button&#8221; title=&#8221;Cont\u00e1ctenos y solicite su cotizaci\u00f3n&#8221; sbtitle_space=&#8221;45&#8243; blq=&#8221;El compromiso de PRINTSEG Protecci\u00f3n Integral y Seguridad Privada es ofrecer servicios de seguridad eficientes y proporcionar soluciones efectivas a los asociados comerciales que contribuyan al logro de objetivos y metas organizacionales.&#8221; teaser_size=&#8221;16&#8243; blq_space=&#8221;50&#8243; b_title=&#8221;CONTACTO&#8221; link=&#8221;http:\/\/printseg.com.mx\/index.php\/contacto\/&#8221; line=&#8221;yes&#8221;][\/tt_gm_info_block_shortcode][\/vc_column][\/vc_row]<\/p>\n","protected":false},"excerpt":{"rendered":"<p>[vc_row full_width=&#8221;stretch_row&#8221; gap=&#8221;35&#8243; css=&#8221;.vc_custom_1457512032984{background-color: #f7f7f7 !important;}&#8221;][vc_column width=&#8221;1\/2&#8243;][tt_gm_info_block_shortcode sort_1=&#8221;o-subtitle&#8221; sort_2=&#8221;o-title&#8221; sort_3=&#8221;o-separator&#8221; sort_4=&#8221;o-blockquote&#8221; sort_5=&#8221;o-description&#8221; title=&#8221;Seguridad Privada&#8221; title_space=&#8221;30&#8243; subtitle=&#8221;Consultor\u00eda&#8221; teaser_size=&#8221;16&#8243; blq_space=&#8221;20&#8243; sp_space=&#8221;40&#8243; description=&#8221;Lorem ipsum dolor sit amet consectetur adipisicing elit sed dolora eiusmod tempor incididunt dolor magna aliqua ellut enim ad minim veniam quis nostrud exercitation ullamco aboris nisi aliquipue sed commod conseque aute irure dolor.&#8221; line=&#8221;yes&#8221;]La situaci\u00f3n [&hellip;]<\/p>\n","protected":false},"author":1,"featured_media":0,"parent":0,"menu_order":0,"comment_status":"closed","ping_status":"closed","template":"","meta":[],"_links":{"self":[{"href":"https:\/\/printseg.com.mx\/index.php\/wp-json\/wp\/v2\/pages\/1937"}],"collection":[{"href":"https:\/\/printseg.com.mx\/index.php\/wp-json\/wp\/v2\/pages"}],"about":[{"href":"https:\/\/printseg.com.mx\/index.php\/wp-json\/wp\/v2\/types\/page"}],"author":[{"embeddable":true,"href":"https:\/\/printseg.com.mx\/index.php\/wp-json\/wp\/v2\/users\/1"}],"replies":[{"embeddable":true,"href":"https:\/\/printseg.com.mx\/index.php\/wp-json\/wp\/v2\/comments?post=1937"}],"version-history":[{"count":3,"href":"https:\/\/printseg.com.mx\/index.php\/wp-json\/wp\/v2\/pages\/1937\/revisions"}],"predecessor-version":[{"id":1972,"href":"https:\/\/printseg.com.mx\/index.php\/wp-json\/wp\/v2\/pages\/1937\/revisions\/1972"}],"wp:attachment":[{"href":"https:\/\/printseg.com.mx\/index.php\/wp-json\/wp\/v2\/media?parent=1937"}],"curies":[{"name":"wp","href":"https:\/\/api.w.org\/{rel}","templated":true}]}}