{"id":1933,"date":"2021-02-25T18:29:31","date_gmt":"2021-02-25T18:29:31","guid":{"rendered":"http:\/\/printseg.com.mx\/?page_id=1933"},"modified":"2021-02-25T19:14:13","modified_gmt":"2021-02-25T19:14:13","slug":"seguridad-electronica","status":"publish","type":"page","link":"https:\/\/printseg.com.mx\/index.php\/seguridad-electronica\/","title":{"rendered":"Seguridad Electr\u00f3nica"},"content":{"rendered":"<p>[vc_row full_width=&#8221;stretch_row&#8221; gap=&#8221;35&#8243; css=&#8221;.vc_custom_1457512032984{background-color: #f7f7f7 !important;}&#8221;][vc_column width=&#8221;1\/2&#8243;][tt_gm_info_block_shortcode sort_1=&#8221;o-subtitle&#8221; sort_2=&#8221;o-title&#8221; sort_3=&#8221;o-separator&#8221; sort_4=&#8221;o-blockquote&#8221; sort_5=&#8221;o-description&#8221; title=&#8221;Electr\u00f3nica&#8221; title_space=&#8221;30&#8243; subtitle=&#8221;Seguridad&#8221; teaser_size=&#8221;16&#8243; blq_space=&#8221;20&#8243; sp_space=&#8221;40&#8243; description=&#8221;Lorem ipsum dolor sit amet consectetur adipisicing elit sed dolora eiusmod tempor incididunt dolor magna aliqua ellut enim ad minim veniam quis nostrud exercitation ullamco aboris nisi aliquipue sed commod conseque aute irure dolor.&#8221; line=&#8221;yes&#8221;]<b>PRINTSEG<\/b> se encuentra en constante actualizaci\u00f3n de equipos y avances\u00a0 tecnol\u00f3gicos, manteniendo al personal en permanentes cursos impartidos por los fabricantes y distribuidores de las mejores marcas reconocidas a nivel\u00a0 mundial.<\/p>\n<p>Nos permite realizar supervisi\u00f3n de seguridad a distancia y se podr\u00e1 detectar oportunamente potenciales incidentes peligrosos y darle soluci\u00f3n antes de que sea demasiado tarde con medidas disuasivas y eficaces, que inhiben los actos deshonestos.<\/p>\n<p>Proporcionamos al personal de empleados una percepci\u00f3n de seguridad que se traduce en un buen ambiente de trabajo y mejora su desempe\u00f1o.<\/p>\n<p>Le ofrecemos:<\/p>\n<ul>\n<li>Dise\u00f1o de sistemas y proyectos.<\/li>\n<li>Instalaci\u00f3n<\/li>\n<li>Capacitaci\u00f3n<\/li>\n<li>Mantenimiento<\/li>\n<li>Soporte T\u00e9cnico<\/li>\n<\/ul>\n<p>[\/tt_gm_info_block_shortcode][\/vc_column][vc_column width=&#8221;1\/2&#8243;][vc_single_image image=&#8221;1438&#8243; img_size=&#8221;650&#215;410&#8243; alignment=&#8221;right&#8221;][vc_empty_space height=&#8221;65px&#8221;][\/vc_column][\/vc_row][vc_row full_width=&#8221;stretch_row&#8221; css=&#8221;.vc_custom_1457622959508{background-color: #ffffff !important;}&#8221;][vc_column width=&#8221;1\/4&#8243;][\/vc_column][vc_column width=&#8221;1\/2&#8243;][vc_empty_space height=&#8221;80px&#8221;][tt_gm_info_block_shortcode sort_1=&#8221;o-blockquote&#8221; sort_2=&#8221;o-title&#8221; sort_3=&#8221;o-subtitle&#8221; sort_4=&#8221;o-separator&#8221; title=&#8221;NUESTROS SERVICIOS&#8221; title_size=&#8221;30&#8243; sub_size=&#8221;30&#8243; sbtitle_space=&#8221;40&#8243; sub_bold=&#8221;true&#8221; teaser_size=&#8221;16&#8243; blq_space=&#8221;5&#8243; alignment=&#8221;center&#8221;][\/tt_gm_info_block_shortcode][\/vc_column][vc_column width=&#8221;1\/4&#8243;][\/vc_column][\/vc_row][vc_row full_width=&#8221;stretch_row&#8221; css=&#8221;.vc_custom_1457622965992{background-color: #ffffff !important;}&#8221;][vc_column width=&#8221;1\/3&#8243;][tt_gm_icon_box_shortcode insert_graphic=&#8221;icon&#8221; custom_icon=&#8221;flaticon-camera113&#8243; icon_color=&#8221;black&#8221; title_tag=&#8221;h5&#8243; title_text_transform=&#8221;uppercase&#8221; alignment=&#8221;center&#8221; text_appear=&#8221;light&#8221; title=&#8221;SISTEMA DE CIRCUITO CERRADO CCTV&#8221;][\/tt_gm_icon_box_shortcode][vc_empty_space height=&#8221;120px&#8221;][\/vc_column][vc_column width=&#8221;1\/3&#8243;][tt_gm_icon_box_shortcode insert_graphic=&#8221;icon&#8221; custom_icon=&#8221;flaticon-bell60&#8243; icon_color=&#8221;black&#8221; title_tag=&#8221;h5&#8243; title_text_transform=&#8221;uppercase&#8221; alignment=&#8221;center&#8221; text_appear=&#8221;light&#8221; title=&#8221;SISTEMA DE ALARMAS&#8221;][\/tt_gm_icon_box_shortcode][tt_gm_icon_box_shortcode insert_graphic=&#8221;icon&#8221; custom_icon=&#8221;flaticon-globe11&#8243; icon_color=&#8221;black&#8221; title_tag=&#8221;h5&#8243; title_text_transform=&#8221;uppercase&#8221; alignment=&#8221;center&#8221; text_appear=&#8221;light&#8221; title=&#8221;CONTROL DE ACCESOS&#8221;][\/tt_gm_icon_box_shortcode][vc_empty_space height=&#8221;120px&#8221;][\/vc_column][vc_column width=&#8221;1\/3&#8243;][tt_gm_icon_box_shortcode insert_graphic=&#8221;icon&#8221; custom_icon=&#8221;flaticon-flame7&#8243; icon_color=&#8221;black&#8221; title_tag=&#8221;h5&#8243; title_text_transform=&#8221;uppercase&#8221; alignment=&#8221;center&#8221; text_appear=&#8221;light&#8221; title=&#8221;DETECCI\u00d3N Y EXTINCI\u00d3N DE INDENDIOS&#8221;][\/tt_gm_icon_box_shortcode][vc_empty_space height=&#8221;120px&#8221;][\/vc_column][\/vc_row][vc_row full_width=&#8221;stretch_row_content_no_spaces&#8221;][vc_column width=&#8221;1\/3&#8243; css=&#8221;.vc_custom_1457709892003{padding-top: 0px !important;}&#8221;][vc_single_image image=&#8221;1949&#8243; img_size=&#8221;full&#8221; css=&#8221;.vc_custom_1614280223787{margin-bottom: 0px !important;}&#8221;][\/vc_column][vc_column width=&#8221;1\/3&#8243; css=&#8221;.vc_custom_1457709898521{padding-top: 0px !important;}&#8221;][vc_single_image image=&#8221;1950&#8243; img_size=&#8221;full&#8221; css=&#8221;.vc_custom_1614280261902{margin-bottom: 0px !important;}&#8221;][\/vc_column][vc_column width=&#8221;1\/3&#8243; css=&#8221;.vc_custom_1457709903721{padding-top: 0px !important;}&#8221;][vc_single_image image=&#8221;1951&#8243; img_size=&#8221;full&#8221; css=&#8221;.vc_custom_1614280288605{margin-bottom: 0px !important;}&#8221;][\/vc_column][\/vc_row][vc_row full_width=&#8221;stretch_row&#8221; el_class=&#8221;working-with-us&#8221; css=&#8221;.vc_custom_1457625692082{padding-top: 30px !important;background-color: #ffffff !important;}&#8221;][vc_column width=&#8221;1\/2&#8243; css=&#8221;.vc_custom_1457783805880{margin-bottom: 0px !important;margin-left: -40px !important;}&#8221;][vc_single_image image=&#8221;1472&#8243; img_size=&#8221;full&#8221; alignment=&#8221;center&#8221; css=&#8221;.vc_custom_1457619774388{margin-bottom: 0px !important;}&#8221;][\/vc_column][vc_column width=&#8221;1\/2&#8243; css=&#8221;.vc_custom_1457783738520{margin-left: -80px !important;}&#8221;][tt_gm_info_block_shortcode sort_1=&#8221;o-title&#8221; sort_2=&#8221;o-separator&#8221; sort_3=&#8221;o-blockquote&#8221; sort_4=&#8221;o-button&#8221; title=&#8221;Cont\u00e1ctenos y solicite su cotizaci\u00f3n&#8221; sbtitle_space=&#8221;45&#8243; blq=&#8221;El compromiso de PRINTSEG Protecci\u00f3n Integral y Seguridad Privada es ofrecer servicios de seguridad eficientes y proporcionar soluciones efectivas a los asociados comerciales que contribuyan al logro de objetivos y metas organizacionales.&#8221; teaser_size=&#8221;16&#8243; blq_space=&#8221;50&#8243; b_title=&#8221;CONTACTO&#8221; link=&#8221;http:\/\/printseg.com.mx\/index.php\/contacto\/&#8221; line=&#8221;yes&#8221;][\/tt_gm_info_block_shortcode][\/vc_column][\/vc_row]<\/p>\n","protected":false},"excerpt":{"rendered":"<p>[vc_row full_width=&#8221;stretch_row&#8221; gap=&#8221;35&#8243; css=&#8221;.vc_custom_1457512032984{background-color: #f7f7f7 !important;}&#8221;][vc_column width=&#8221;1\/2&#8243;][tt_gm_info_block_shortcode sort_1=&#8221;o-subtitle&#8221; sort_2=&#8221;o-title&#8221; sort_3=&#8221;o-separator&#8221; sort_4=&#8221;o-blockquote&#8221; sort_5=&#8221;o-description&#8221; title=&#8221;Electr\u00f3nica&#8221; title_space=&#8221;30&#8243; subtitle=&#8221;Seguridad&#8221; teaser_size=&#8221;16&#8243; blq_space=&#8221;20&#8243; sp_space=&#8221;40&#8243; description=&#8221;Lorem ipsum dolor sit amet consectetur adipisicing elit sed dolora eiusmod tempor incididunt dolor magna aliqua ellut enim ad minim veniam quis nostrud exercitation ullamco aboris nisi aliquipue sed commod conseque aute irure dolor.&#8221; line=&#8221;yes&#8221;]PRINTSEG se encuentra [&hellip;]<\/p>\n","protected":false},"author":1,"featured_media":0,"parent":0,"menu_order":0,"comment_status":"closed","ping_status":"closed","template":"","meta":[],"_links":{"self":[{"href":"https:\/\/printseg.com.mx\/index.php\/wp-json\/wp\/v2\/pages\/1933"}],"collection":[{"href":"https:\/\/printseg.com.mx\/index.php\/wp-json\/wp\/v2\/pages"}],"about":[{"href":"https:\/\/printseg.com.mx\/index.php\/wp-json\/wp\/v2\/types\/page"}],"author":[{"embeddable":true,"href":"https:\/\/printseg.com.mx\/index.php\/wp-json\/wp\/v2\/users\/1"}],"replies":[{"embeddable":true,"href":"https:\/\/printseg.com.mx\/index.php\/wp-json\/wp\/v2\/comments?post=1933"}],"version-history":[{"count":4,"href":"https:\/\/printseg.com.mx\/index.php\/wp-json\/wp\/v2\/pages\/1933\/revisions"}],"predecessor-version":[{"id":1953,"href":"https:\/\/printseg.com.mx\/index.php\/wp-json\/wp\/v2\/pages\/1933\/revisions\/1953"}],"wp:attachment":[{"href":"https:\/\/printseg.com.mx\/index.php\/wp-json\/wp\/v2\/media?parent=1933"}],"curies":[{"name":"wp","href":"https:\/\/api.w.org\/{rel}","templated":true}]}}