{"id":1888,"date":"2021-02-24T20:23:41","date_gmt":"2021-02-24T20:23:41","guid":{"rendered":"http:\/\/printseg.com.mx\/?page_id=1888"},"modified":"2021-04-08T12:09:59","modified_gmt":"2021-04-08T17:09:59","slug":"guardias-intramuros","status":"publish","type":"page","link":"https:\/\/printseg.com.mx\/index.php\/guardias-intramuros\/","title":{"rendered":"Guardias Intramuros"},"content":{"rendered":"<p>[vc_row full_width=&#8221;stretch_row&#8221; gap=&#8221;35&#8243; css=&#8221;.vc_custom_1457512032984{background-color: #f7f7f7 !important;}&#8221;][vc_column width=&#8221;1\/2&#8243;][tt_gm_info_block_shortcode sort_1=&#8221;o-subtitle&#8221; sort_2=&#8221;o-title&#8221; sort_3=&#8221;o-separator&#8221; sort_4=&#8221;o-blockquote&#8221; sort_5=&#8221;o-description&#8221; title=&#8221;Intramuros&#8221; title_space=&#8221;30&#8243; subtitle=&#8221;Guardias&#8221; blq=&#8221;El servicio de oficiales intramuros es parte medular del sistema integral de seguridad.&#8221; teaser_size=&#8221;16&#8243; blq_space=&#8221;20&#8243; sp_space=&#8221;40&#8243; description=&#8221;Lorem ipsum dolor sit amet consectetur adipisicing elit sed dolora eiusmod tempor incididunt dolor magna aliqua ellut enim ad minim veniam quis nostrud exercitation ullamco aboris nisi aliquipue sed commod conseque aute irure dolor.&#8221; line=&#8221;yes&#8221;]Atenci\u00f3n al cliente las 24 horas a trav\u00e9s de los mandos de supervisi\u00f3n y el centro de operaciones especiales COE.<\/p>\n<p>Visita peri\u00f3dica a sus instalaciones por parte de personal ejecutivo, permiti\u00e9ndonos conocer sus necesidades\u00a0 de seguridad, brindar el servicio oportuno y trato personalizado.[\/tt_gm_info_block_shortcode][\/vc_column][vc_column width=&#8221;1\/2&#8243;][vc_single_image image=&#8221;1438&#8243; img_size=&#8221;650&#215;410&#8243; alignment=&#8221;right&#8221;][vc_empty_space height=&#8221;65px&#8221;][\/vc_column][\/vc_row][vc_row full_width=&#8221;stretch_row&#8221; parallax=&#8221;content-moving&#8221; parallax_image=&#8221;1453&#8243;][vc_column][vc_empty_space height=&#8221;80px&#8221;][vc_row_inner css=&#8221;.vc_custom_1457624625533{margin-bottom: 40px !important;}&#8221;][vc_column_inner width=&#8221;1\/4&#8243;][\/vc_column_inner][vc_column_inner width=&#8221;1\/2&#8243;][tt_gm_title_shortcode title_type=&#8221;type_2&#8243; title=&#8221;BENEFICIOS&#8221; title_color=&#8221;#ffffff&#8221; sbtitle=&#8221;Conoce nuestros beneficios principales como la Prevenci\u00f3n de P\u00e9rdidas.&#8221; sbtitle_color=&#8221;#ffffff&#8221; sptitle=&#8221;Con\u00f3cenos&#8221; sptitle_color=&#8221;#ffffff&#8221; el_class=&#8221;teaser-subtitle&#8221;][\/vc_column_inner][vc_column_inner width=&#8221;1\/4&#8243;][\/vc_column_inner][\/vc_row_inner][vc_row_inner css=&#8221;.vc_custom_1457624688082{margin-top: 40px !important;margin-bottom: 85px !important;}&#8221;][vc_column_inner width=&#8221;1\/3&#8243;][tt_gm_list_content_shortcode][tt_gm_list_content_item_shortcode title=&#8221;Sueldos competitivos&#8221; info=&#8221;Sueldos superiores al mercado, lo que genera mayor permanencia y baja rotaci\u00f3n.&#8221; itemcolor=&#8221;#ffffff&#8221;][tt_gm_list_content_item_shortcode title=&#8221;Supervisi\u00f3n 24\/7\/365&#8243; info=&#8221;Supervisi\u00f3n electr\u00f3nica 24\/7, los 365 d\u00edas, por medio de nuestro centro de operaciones.&#8221; itemcolor=&#8221;#ffffff&#8221;][\/tt_gm_list_content_shortcode][\/vc_column_inner][vc_column_inner width=&#8221;1\/3&#8243;][vc_single_image image=&#8221;1457&#8243; img_size=&#8221;full&#8221; alignment=&#8221;center&#8221;][\/vc_column_inner][vc_column_inner width=&#8221;1\/3&#8243;][tt_gm_list_content_shortcode list_content_type=&#8221;style_2&#8243;][tt_gm_list_content_item_shortcode title=&#8221;Nos apegamos a la LFT&#8221; info=&#8221;Nuestros Guardias cuentan con todas las prestaciones de ley.&#8221; itemcolor=&#8221;#ffffff&#8221;][tt_gm_list_content_item_shortcode title=&#8221;Capacitaci\u00f3n integral y Supervisi\u00f3n f\u00edsica&#8221; info=&#8221;Capacitaci\u00f3n en seguridad y servicio al cliente como parte de su formaci\u00f3n integra&#8221; itemcolor=&#8221;#ffffff&#8221;][\/tt_gm_list_content_shortcode][\/vc_column_inner][\/vc_row_inner][\/vc_column][\/vc_row][vc_row full_width=&#8221;stretch_row_content_no_spaces&#8221;][vc_column width=&#8221;1\/3&#8243; css=&#8221;.vc_custom_1457709892003{padding-top: 0px !important;}&#8221;][vc_single_image image=&#8221;1926&#8243; img_size=&#8221;full&#8221; css=&#8221;.vc_custom_1614277008909{margin-bottom: 0px !important;}&#8221;][\/vc_column][vc_column width=&#8221;1\/3&#8243; css=&#8221;.vc_custom_1457709898521{padding-top: 0px !important;}&#8221;][vc_single_image image=&#8221;1927&#8243; img_size=&#8221;full&#8221; css=&#8221;.vc_custom_1614277041829{margin-bottom: 0px !important;}&#8221;][\/vc_column][vc_column width=&#8221;1\/3&#8243; css=&#8221;.vc_custom_1457709903721{padding-top: 0px !important;}&#8221;][vc_single_image image=&#8221;1928&#8243; img_size=&#8221;full&#8221; css=&#8221;.vc_custom_1614277070525{margin-bottom: 0px !important;}&#8221;][\/vc_column][\/vc_row][vc_row full_width=&#8221;stretch_row&#8221; el_class=&#8221;working-with-us&#8221; css=&#8221;.vc_custom_1457625692082{padding-top: 30px !important;background-color: #ffffff !important;}&#8221;][vc_column width=&#8221;1\/2&#8243; css=&#8221;.vc_custom_1457783805880{margin-bottom: 0px !important;margin-left: -40px !important;}&#8221;][vc_single_image image=&#8221;1472&#8243; img_size=&#8221;full&#8221; alignment=&#8221;center&#8221; css=&#8221;.vc_custom_1457619774388{margin-bottom: 0px !important;}&#8221;][\/vc_column][vc_column width=&#8221;1\/2&#8243; css=&#8221;.vc_custom_1457783738520{margin-left: -80px !important;}&#8221;][tt_gm_info_block_shortcode sort_1=&#8221;o-title&#8221; sort_2=&#8221;o-separator&#8221; sort_3=&#8221;o-blockquote&#8221; sort_4=&#8221;o-button&#8221; title=&#8221;Cont\u00e1ctenos y solicite su cotizaci\u00f3n&#8221; sbtitle_space=&#8221;45&#8243; blq=&#8221;El compromiso de PRINTSEG Protecci\u00f3n Integral y Seguridad Privada es ofrecer servicios de seguridad eficientes y proporcionar soluciones efectivas a los asociados comerciales que contribuyan al logro de objetivos y metas organizacionales.&#8221; teaser_size=&#8221;16&#8243; blq_space=&#8221;50&#8243; b_title=&#8221;CONTACTO&#8221; link=&#8221;http:\/\/printseg.com.mx\/index.php\/contacto\/&#8221; line=&#8221;yes&#8221;][\/tt_gm_info_block_shortcode][\/vc_column][\/vc_row]<\/p>\n","protected":false},"excerpt":{"rendered":"<p>[vc_row full_width=&#8221;stretch_row&#8221; gap=&#8221;35&#8243; css=&#8221;.vc_custom_1457512032984{background-color: #f7f7f7 !important;}&#8221;][vc_column width=&#8221;1\/2&#8243;][tt_gm_info_block_shortcode sort_1=&#8221;o-subtitle&#8221; sort_2=&#8221;o-title&#8221; sort_3=&#8221;o-separator&#8221; sort_4=&#8221;o-blockquote&#8221; sort_5=&#8221;o-description&#8221; title=&#8221;Intramuros&#8221; title_space=&#8221;30&#8243; subtitle=&#8221;Guardias&#8221; blq=&#8221;El servicio de oficiales intramuros es parte medular del sistema integral de seguridad.&#8221; teaser_size=&#8221;16&#8243; blq_space=&#8221;20&#8243; sp_space=&#8221;40&#8243; description=&#8221;Lorem ipsum dolor sit amet consectetur adipisicing elit sed dolora eiusmod tempor incididunt dolor magna aliqua ellut enim ad minim veniam quis nostrud exercitation [&hellip;]<\/p>\n","protected":false},"author":1,"featured_media":0,"parent":0,"menu_order":0,"comment_status":"closed","ping_status":"closed","template":"","meta":[],"_links":{"self":[{"href":"https:\/\/printseg.com.mx\/index.php\/wp-json\/wp\/v2\/pages\/1888"}],"collection":[{"href":"https:\/\/printseg.com.mx\/index.php\/wp-json\/wp\/v2\/pages"}],"about":[{"href":"https:\/\/printseg.com.mx\/index.php\/wp-json\/wp\/v2\/types\/page"}],"author":[{"embeddable":true,"href":"https:\/\/printseg.com.mx\/index.php\/wp-json\/wp\/v2\/users\/1"}],"replies":[{"embeddable":true,"href":"https:\/\/printseg.com.mx\/index.php\/wp-json\/wp\/v2\/comments?post=1888"}],"version-history":[{"count":8,"href":"https:\/\/printseg.com.mx\/index.php\/wp-json\/wp\/v2\/pages\/1888\/revisions"}],"predecessor-version":[{"id":2019,"href":"https:\/\/printseg.com.mx\/index.php\/wp-json\/wp\/v2\/pages\/1888\/revisions\/2019"}],"wp:attachment":[{"href":"https:\/\/printseg.com.mx\/index.php\/wp-json\/wp\/v2\/media?parent=1888"}],"curies":[{"name":"wp","href":"https:\/\/api.w.org\/{rel}","templated":true}]}}