{"id":1886,"date":"2021-02-24T20:22:59","date_gmt":"2021-02-24T20:22:59","guid":{"rendered":"http:\/\/printseg.com.mx\/?page_id=1886"},"modified":"2021-04-08T12:11:12","modified_gmt":"2021-04-08T17:11:12","slug":"custodia-al-transporte","status":"publish","type":"page","link":"https:\/\/printseg.com.mx\/index.php\/custodia-al-transporte\/","title":{"rendered":"Custodia al Transporte"},"content":{"rendered":"<p>[vc_row full_width=&#8221;stretch_row&#8221; gap=&#8221;35&#8243; css=&#8221;.vc_custom_1457512032984{background-color: #f7f7f7 !important;}&#8221;][vc_column width=&#8221;1\/2&#8243;][tt_gm_info_block_shortcode sort_1=&#8221;o-subtitle&#8221; sort_2=&#8221;o-title&#8221; sort_3=&#8221;o-separator&#8221; sort_4=&#8221;o-blockquote&#8221; sort_5=&#8221;o-description&#8221; title=&#8221;al Transporte&#8221; title_space=&#8221;30&#8243; subtitle=&#8221;Custodia&#8221; blq=&#8221;Le ofrecemos servicios de custodia local y for\u00e1neas.&#8221; teaser_size=&#8221;16&#8243; blq_space=&#8221;20&#8243; sp_space=&#8221;40&#8243; description=&#8221;Lorem ipsum dolor sit amet consectetur adipisicing elit sed dolora eiusmod tempor incididunt dolor magna aliqua ellut enim ad minim veniam quis nostrud exercitation ullamco aboris nisi aliquipue sed commod conseque aute irure dolor.&#8221; line=&#8221;yes&#8221;]Al ser una empresa filial de Grupo Consultores, podemos asegurar m\u00e1s de 30 a\u00f1os de experiencia en el \u00e1mbito de la Custodia al Transporte, brindando un efectivo servicio al seleccionar las rutas m\u00e1s seguras, trabajando en conjunto con nuestro asociado de negocios.<\/p>\n<p>Realizamos las estrategias adecuadas para minimizar cualquier riesgo, mismo que se refuerza dando seguimiento en tiempo real por el Centro de Operaciones Especiales (COE) que se enlaza de forma inmediata con las autoridades federales y\/o estatales para agilizar los tiempos de reacci\u00f3n.[\/tt_gm_info_block_shortcode][\/vc_column][vc_column width=&#8221;1\/2&#8243;][vc_single_image image=&#8221;1438&#8243; img_size=&#8221;650&#215;410&#8243; alignment=&#8221;right&#8221;][vc_empty_space height=&#8221;65px&#8221;][\/vc_column][\/vc_row][vc_row full_width=&#8221;stretch_row&#8221; css=&#8221;.vc_custom_1457622959508{background-color: #ffffff !important;}&#8221;][vc_column width=&#8221;1\/4&#8243;][\/vc_column][vc_column width=&#8221;1\/2&#8243;][vc_empty_space height=&#8221;80px&#8221;][tt_gm_info_block_shortcode sort_1=&#8221;o-blockquote&#8221; sort_2=&#8221;o-title&#8221; sort_3=&#8221;o-subtitle&#8221; sort_4=&#8221;o-separator&#8221; title=&#8221;Nuestro servicio de custodia se encuentra respaldado con:&#8221; title_size=&#8221;30&#8243; sub_size=&#8221;30&#8243; sbtitle_space=&#8221;40&#8243; sub_bold=&#8221;true&#8221; blq=&#8221;Providing security solutions that makes your life easier&#8221; teaser_size=&#8221;16&#8243; blq_space=&#8221;5&#8243; alignment=&#8221;center&#8221;][\/tt_gm_info_block_shortcode][\/vc_column][vc_column width=&#8221;1\/4&#8243;][\/vc_column][\/vc_row][vc_row full_width=&#8221;stretch_row&#8221; css=&#8221;.vc_custom_1457622965992{background-color: #ffffff !important;}&#8221;][vc_column width=&#8221;1\/3&#8243;][tt_gm_icon_box_shortcode insert_graphic=&#8221;icon&#8221; custom_icon=&#8221;flaticon-camera113&#8243; icon_color=&#8221;black&#8221; title_tag=&#8221;h5&#8243; title_text_transform=&#8221;uppercase&#8221; alignment=&#8221;center&#8221; text_appear=&#8221;light&#8221; title=&#8221;C\u00e1maras interiores y exteriores&#8221;][\/tt_gm_icon_box_shortcode][tt_gm_icon_box_shortcode insert_graphic=&#8221;icon&#8221; icon_fontawesome=&#8221;fas fa-map-marked-alt&#8221; icon_color=&#8221;black&#8221; title_tag=&#8221;h5&#8243; title_text_transform=&#8221;uppercase&#8221; alignment=&#8221;center&#8221; text_appear=&#8221;light&#8221; title=&#8221;Ubicaciones GPS&#8221;][\/tt_gm_icon_box_shortcode][vc_empty_space height=&#8221;120px&#8221;][\/vc_column][vc_column width=&#8221;1\/3&#8243;][tt_gm_icon_box_shortcode insert_graphic=&#8221;icon&#8221; custom_icon=&#8221;flaticon-bell60&#8243; icon_color=&#8221;black&#8221; title_tag=&#8221;h5&#8243; title_text_transform=&#8221;uppercase&#8221; alignment=&#8221;center&#8221; text_appear=&#8221;light&#8221; title=&#8221;Alarmado de puertas y compartimentos de carga&#8221;][\/tt_gm_icon_box_shortcode][vc_empty_space height=&#8221;120px&#8221;][\/vc_column][vc_column width=&#8221;1\/3&#8243;][tt_gm_icon_box_shortcode insert_graphic=&#8221;icon&#8221; icon_fontawesome=&#8221;fas fa-route&#8221; icon_color=&#8221;black&#8221; title_tag=&#8221;h5&#8243; title_text_transform=&#8221;uppercase&#8221; alignment=&#8221;center&#8221; text_appear=&#8221;light&#8221; title=&#8221;Rutas seguras&#8221;][\/tt_gm_icon_box_shortcode][tt_gm_icon_box_shortcode insert_graphic=&#8221;icon&#8221; custom_icon=&#8221;flaticon-globe11&#8243; icon_color=&#8221;black&#8221; title_tag=&#8221;h5&#8243; title_text_transform=&#8221;uppercase&#8221; alignment=&#8221;center&#8221; text_appear=&#8221;light&#8221; title=&#8221;Botones de p\u00e1nico&#8221;][\/tt_gm_icon_box_shortcode][vc_empty_space height=&#8221;120px&#8221;][\/vc_column][\/vc_row][vc_row full_width=&#8221;stretch_row_content_no_spaces&#8221;][vc_column width=&#8221;1\/3&#8243; css=&#8221;.vc_custom_1457709892003{padding-top: 0px !important;}&#8221;][vc_single_image image=&#8221;1911&#8243; img_size=&#8221;full&#8221; css=&#8221;.vc_custom_1614205671068{margin-bottom: 0px !important;}&#8221;][\/vc_column][vc_column width=&#8221;1\/3&#8243; css=&#8221;.vc_custom_1457709898521{padding-top: 0px !important;}&#8221;][vc_single_image image=&#8221;1912&#8243; img_size=&#8221;full&#8221; css=&#8221;.vc_custom_1614205690302{margin-bottom: 0px !important;}&#8221;][\/vc_column][vc_column width=&#8221;1\/3&#8243; css=&#8221;.vc_custom_1457709903721{padding-top: 0px !important;}&#8221;][vc_single_image image=&#8221;1913&#8243; img_size=&#8221;full&#8221; css=&#8221;.vc_custom_1614205724911{margin-bottom: 0px !important;}&#8221;][\/vc_column][\/vc_row][vc_row full_width=&#8221;stretch_row&#8221; el_class=&#8221;working-with-us&#8221; css=&#8221;.vc_custom_1457625692082{padding-top: 30px !important;background-color: #ffffff !important;}&#8221;][vc_column width=&#8221;1\/2&#8243; css=&#8221;.vc_custom_1457783805880{margin-bottom: 0px !important;margin-left: -40px !important;}&#8221;][vc_single_image image=&#8221;1472&#8243; img_size=&#8221;full&#8221; alignment=&#8221;center&#8221; css=&#8221;.vc_custom_1457619774388{margin-bottom: 0px !important;}&#8221;][\/vc_column][vc_column width=&#8221;1\/2&#8243; css=&#8221;.vc_custom_1457783738520{margin-left: -80px !important;}&#8221;][tt_gm_info_block_shortcode sort_1=&#8221;o-title&#8221; sort_2=&#8221;o-separator&#8221; sort_3=&#8221;o-blockquote&#8221; sort_4=&#8221;o-button&#8221; title=&#8221;Cont\u00e1ctenos y solicite su cotizaci\u00f3n&#8221; sbtitle_space=&#8221;45&#8243; blq=&#8221;El compromiso de PRINTSEG Protecci\u00f3n Integral y Seguridad Privada es ofrecer servicios de seguridad eficientes y proporcionar soluciones efectivas a los asociados comerciales que contribuyan al logro de objetivos y metas organizacionales.&#8221; teaser_size=&#8221;16&#8243; blq_space=&#8221;50&#8243; b_title=&#8221;CONTACTO&#8221; link=&#8221;http:\/\/printseg.com.mx\/index.php\/contacto\/&#8221; line=&#8221;yes&#8221;][\/tt_gm_info_block_shortcode][\/vc_column][\/vc_row]<\/p>\n","protected":false},"excerpt":{"rendered":"<p>[vc_row full_width=&#8221;stretch_row&#8221; gap=&#8221;35&#8243; css=&#8221;.vc_custom_1457512032984{background-color: #f7f7f7 !important;}&#8221;][vc_column width=&#8221;1\/2&#8243;][tt_gm_info_block_shortcode sort_1=&#8221;o-subtitle&#8221; sort_2=&#8221;o-title&#8221; sort_3=&#8221;o-separator&#8221; sort_4=&#8221;o-blockquote&#8221; sort_5=&#8221;o-description&#8221; title=&#8221;al Transporte&#8221; title_space=&#8221;30&#8243; subtitle=&#8221;Custodia&#8221; blq=&#8221;Le ofrecemos servicios de custodia local y for\u00e1neas.&#8221; teaser_size=&#8221;16&#8243; blq_space=&#8221;20&#8243; sp_space=&#8221;40&#8243; description=&#8221;Lorem ipsum dolor sit amet consectetur adipisicing elit sed dolora eiusmod tempor incididunt dolor magna aliqua ellut enim ad minim veniam quis nostrud exercitation ullamco aboris nisi aliquipue [&hellip;]<\/p>\n","protected":false},"author":1,"featured_media":0,"parent":0,"menu_order":0,"comment_status":"closed","ping_status":"closed","template":"","meta":[],"_links":{"self":[{"href":"https:\/\/printseg.com.mx\/index.php\/wp-json\/wp\/v2\/pages\/1886"}],"collection":[{"href":"https:\/\/printseg.com.mx\/index.php\/wp-json\/wp\/v2\/pages"}],"about":[{"href":"https:\/\/printseg.com.mx\/index.php\/wp-json\/wp\/v2\/types\/page"}],"author":[{"embeddable":true,"href":"https:\/\/printseg.com.mx\/index.php\/wp-json\/wp\/v2\/users\/1"}],"replies":[{"embeddable":true,"href":"https:\/\/printseg.com.mx\/index.php\/wp-json\/wp\/v2\/comments?post=1886"}],"version-history":[{"count":10,"href":"https:\/\/printseg.com.mx\/index.php\/wp-json\/wp\/v2\/pages\/1886\/revisions"}],"predecessor-version":[{"id":2020,"href":"https:\/\/printseg.com.mx\/index.php\/wp-json\/wp\/v2\/pages\/1886\/revisions\/2020"}],"wp:attachment":[{"href":"https:\/\/printseg.com.mx\/index.php\/wp-json\/wp\/v2\/media?parent=1886"}],"curies":[{"name":"wp","href":"https:\/\/api.w.org\/{rel}","templated":true}]}}