{"id":1879,"date":"2021-02-24T20:19:04","date_gmt":"2021-02-24T20:19:04","guid":{"rendered":"http:\/\/printseg.com.mx\/?page_id=1879"},"modified":"2023-04-21T12:19:48","modified_gmt":"2023-04-21T18:19:48","slug":"quejas-y-sugerencias","status":"publish","type":"page","link":"https:\/\/printseg.com.mx\/index.php\/quejas-y-sugerencias\/","title":{"rendered":"Quejas y Sugerencias"},"content":{"rendered":"<p>[vc_row full_width=&#8221;stretch_row&#8221; css=&#8221;.vc_custom_1457680730641{background-color: #ffffff !important;}&#8221;][vc_column][vc_empty_space height=&#8221;100px&#8221;][tt_gm_info_block_shortcode sort_1=&#8221;o-blockquote&#8221; sort_2=&#8221;o-title&#8221; sort_3=&#8221;o-separator&#8221; title=&#8221;QUEJAS Y SUGERENCIAS&#8221; title_space=&#8221;30&#8243; blq=&#8221;Los datos aqu\u00ed proporcionados est\u00e1n seguros y ser\u00e1n utilizados exclusivamente para la atenci\u00f3n de lo solicitado, respetando la pol\u00edtica de No Represalias.&#8221; teaser_size=&#8221;16&#8243; blq_space=&#8221;15&#8243; sp_space=&#8221;40&#8243; alignment=&#8221;center&#8221;]Con la finalidad de brindar un mejor servicio a nuestros colaboradores, asociados comerciales y partes interesadas, ponemos a su disposici\u00f3n el formulario de quejas y sugerencias relacionadas a los servicios y operaciones que realiza PRINTSEG Protecci\u00f3n Integral y Seguridad Privada S.A. de C.V.<\/p>\n<p>Para una mejor atenci\u00f3n a su informaci\u00f3n\u00a0 es necesario que proporcione los siguientes datos.[\/tt_gm_info_block_shortcode]<div role=\"form\" class=\"wpcf7\" id=\"wpcf7-f1698-o1\" lang=\"en-US\" dir=\"ltr\">\n<div class=\"screen-reader-response\"><p role=\"status\" aria-live=\"polite\" aria-atomic=\"true\"><\/p> <ul><\/ul><\/div>\n<form action=\"\/index.php\/wp-json\/wp\/v2\/pages\/1879#wpcf7-f1698-o1\" method=\"post\" class=\"wpcf7-form init\" novalidate=\"novalidate\" data-status=\"init\">\n<div style=\"display: none;\">\n<input type=\"hidden\" name=\"_wpcf7\" value=\"1698\" \/>\n<input type=\"hidden\" name=\"_wpcf7_version\" value=\"5.4\" \/>\n<input type=\"hidden\" name=\"_wpcf7_locale\" value=\"en_US\" \/>\n<input type=\"hidden\" name=\"_wpcf7_unit_tag\" value=\"wpcf7-f1698-o1\" \/>\n<input type=\"hidden\" name=\"_wpcf7_container_post\" value=\"0\" \/>\n<input type=\"hidden\" name=\"_wpcf7_posted_data_hash\" value=\"\" \/>\n<\/div>\n<div class=\"gmcontactform\">\n<p>Nombre completo (requerido)<br \/>\n    <span class=\"wpcf7-form-control-wrap your-name\"><input type=\"text\" name=\"your-name\" value=\"\" size=\"40\" class=\"wpcf7-form-control wpcf7-text wpcf7-validates-as-required\" aria-required=\"true\" aria-invalid=\"false\" \/><\/span> <\/p>\n<p>Correo electr\u00f3nico (requerido)<br \/>\n    <span class=\"wpcf7-form-control-wrap your-email\"><input type=\"email\" name=\"your-email\" value=\"\" size=\"40\" class=\"wpcf7-form-control wpcf7-text wpcf7-email wpcf7-validates-as-required wpcf7-validates-as-email\" aria-required=\"true\" aria-invalid=\"false\" \/><\/span> <\/p>\n<p>Asunto<br \/>\n    <span class=\"wpcf7-form-control-wrap your-subject\"><input type=\"text\" name=\"your-subject\" value=\"\" size=\"40\" class=\"wpcf7-form-control wpcf7-text\" aria-invalid=\"false\" \/><\/span> <\/p>\n<p>Comentarios (Por favor proporciona informaci\u00f3n detallada de lo que necesitas saber)<br \/>\n    <span class=\"wpcf7-form-control-wrap your-message\"><textarea name=\"your-message\" cols=\"40\" rows=\"10\" class=\"wpcf7-form-control wpcf7-textarea\" aria-invalid=\"false\"><\/textarea><\/span> <\/p>\n<p><input type=\"submit\" value=\"Enviar\" class=\"wpcf7-form-control wpcf7-submit\" \/><\/p>\n<\/div>\n<div class=\"wpcf7-response-output\" aria-hidden=\"true\"><\/div><\/form><\/div>[\/vc_column][\/vc_row][vc_row full_width=&#8221;stretch_row_content_no_spaces&#8221; css=&#8221;.vc_custom_1463293061509{background-color: #ffffff !important;}&#8221;][vc_column][vc_empty_space height=&#8221;60px&#8221;][\/vc_column][\/vc_row]<\/p>\n","protected":false},"excerpt":{"rendered":"<p>[vc_row full_width=&#8221;stretch_row&#8221; css=&#8221;.vc_custom_1457680730641{background-color: #ffffff !important;}&#8221;][vc_column][vc_empty_space height=&#8221;100px&#8221;][tt_gm_info_block_shortcode sort_1=&#8221;o-blockquote&#8221; sort_2=&#8221;o-title&#8221; sort_3=&#8221;o-separator&#8221; title=&#8221;QUEJAS Y SUGERENCIAS&#8221; title_space=&#8221;30&#8243; blq=&#8221;Los datos aqu\u00ed proporcionados est\u00e1n seguros y ser\u00e1n utilizados exclusivamente para la atenci\u00f3n de lo solicitado, respetando la pol\u00edtica de No Represalias.&#8221; teaser_size=&#8221;16&#8243; blq_space=&#8221;15&#8243; sp_space=&#8221;40&#8243; alignment=&#8221;center&#8221;]Con la finalidad de brindar un mejor servicio a nuestros colaboradores, asociados comerciales y partes interesadas, ponemos [&hellip;]<\/p>\n","protected":false},"author":1,"featured_media":0,"parent":0,"menu_order":0,"comment_status":"closed","ping_status":"closed","template":"","meta":[],"_links":{"self":[{"href":"https:\/\/printseg.com.mx\/index.php\/wp-json\/wp\/v2\/pages\/1879"}],"collection":[{"href":"https:\/\/printseg.com.mx\/index.php\/wp-json\/wp\/v2\/pages"}],"about":[{"href":"https:\/\/printseg.com.mx\/index.php\/wp-json\/wp\/v2\/types\/page"}],"author":[{"embeddable":true,"href":"https:\/\/printseg.com.mx\/index.php\/wp-json\/wp\/v2\/users\/1"}],"replies":[{"embeddable":true,"href":"https:\/\/printseg.com.mx\/index.php\/wp-json\/wp\/v2\/comments?post=1879"}],"version-history":[{"count":5,"href":"https:\/\/printseg.com.mx\/index.php\/wp-json\/wp\/v2\/pages\/1879\/revisions"}],"predecessor-version":[{"id":2108,"href":"https:\/\/printseg.com.mx\/index.php\/wp-json\/wp\/v2\/pages\/1879\/revisions\/2108"}],"wp:attachment":[{"href":"https:\/\/printseg.com.mx\/index.php\/wp-json\/wp\/v2\/media?parent=1879"}],"curies":[{"name":"wp","href":"https:\/\/api.w.org\/{rel}","templated":true}]}}