{"id":1874,"date":"2021-02-24T20:13:15","date_gmt":"2021-02-24T20:13:15","guid":{"rendered":"http:\/\/printseg.com.mx\/?page_id=1874"},"modified":"2023-04-20T14:03:14","modified_gmt":"2023-04-20T20:03:14","slug":"contacto","status":"publish","type":"page","link":"https:\/\/printseg.com.mx\/index.php\/contacto\/","title":{"rendered":"Contacto"},"content":{"rendered":"<p>[vc_row full_width=&#8221;stretch_row&#8221; css=&#8221;.vc_custom_1457680812668{margin-bottom: 100px !important;background-color: #f7f7f7 !important;}&#8221;][vc_column width=&#8221;5\/12&#8243; el_class=&#8221;white-highlight&#8221; css=&#8221;.vc_custom_1457713566993{margin-top: -32px !important;padding-top: 75px !important;padding-right: 45px !important;padding-bottom: 75px !important;padding-left: 45px !important;background-color: #ffffff !important;}&#8221;][tt_gm_info_block_shortcode sort_1=&#8221;o-subtitle&#8221; sort_2=&#8221;o-title&#8221; sort_3=&#8221;o-blockquote&#8221; sort_4=&#8221;o-separator&#8221; title=&#8221;CONT\u00c1CTENOS&#8221; title_size=&#8221;30&#8243; title_space=&#8221;30&#8243; title_color=&#8221;#2c2e30&#8243; subtitle=&#8221;Estamos para servirle&#8221; blq=&#8221;P\u00f3ngase en contacto con nosotros a trav\u00e9s de nuestros diferentes canales y en breve uno de nuestros agentes lo atender\u00e1.&#8221; blq_space=&#8221;30&#8243; sp_space=&#8221;40&#8243; line=&#8221;yes&#8221;][\/tt_gm_info_block_shortcode][tt_gm_list_shortcode][tt_gm_list_item_shortcode title=&#8221;(55) 1519 &#8211; 1297, (55) 1038 &#8211; 5869 y WhatsApp (55) 1492 &#8211; 2713&#8243; type_icon=&#8221;fab fa-accessible-icon&#8221;][tt_gm_list_item_shortcode title=&#8221;ventas@printseg.com.mx&#8221; type_icon=&#8221;fab fa-accessible-icon&#8221;][tt_gm_list_item_shortcode title=&#8221;Insurgentes Centro 132 Desp. 407, Col. Tabacalera. 06030, Cuauht\u00e9moc, CDMX&#8221; type_icon=&#8221;fab fa-accessible-icon&#8221;][tt_gm_list_item_shortcode title=&#8221;Lunes a Domingo: disponibilidad las 24 hrs.&#8221; type_icon=&#8221;fab fa-accessible-icon&#8221;][\/tt_gm_list_shortcode][\/vc_column][vc_column width=&#8221;1\/2&#8243; css=&#8221;.vc_custom_1457680385588{margin-left: 90px !important;}&#8221;][vc_gmaps link=&#8221;#E-8_JTNDaWZyYW1lJTIwc3JjJTNEJTIyaHR0cHMlM0ElMkYlMkZ3d3cuZ29vZ2xlLmNvbSUyRm1hcHMlMkZlbWJlZCUzRnBiJTNEJTIxMW0xOCUyMTFtMTIlMjExbTMlMjExZDM3NjIuNTEzNjg3MzkwMjMlMjEyZC05OS4xNjAzODc3ODQ2ODM0OCUyMTNkMTkuNDMzNDA3MTQ1Njg5NjglMjEybTMlMjExZjAlMjEyZjAlMjEzZjAlMjEzbTIlMjExaTEwMjQlMjEyaTc2OCUyMTRmMTMuMSUyMTNtMyUyMTFtMiUyMTFzMHg4NWQxZjhjZDNmMWFiOGI1JTI1M0EweGVkZTNjZDE3MmYyMzU4NzklMjEyc0luc3VyZ2VudGVzJTI1MjBDZW50cm8lMjUyMDEzMiUyNTJDJTI1MjBUYWJhY2FsZXJhJTI1MkMlMjUyMEN1YXVodCUyNUMzJTI1QTltb2MlMjUyQyUyNTIwMDYwMzAlMjUyMENpdWRhZCUyNTIwZGUlMjUyME0lMjVDMyUyNUE5eGljbyUyNTJDJTI1MjBDRE1YJTIxNWUwJTIxM20yJTIxMXNlcy00MTklMjEyc214JTIxNHYxNjE0Mjc3NDk3MDIwJTIxNW0yJTIxMXNlcy00MTklMjEyc214JTIyJTIwd2lkdGglM0QlMjI2MDAlMjIlMjBoZWlnaHQlM0QlMjI0NTAlMjIlMjBzdHlsZSUzRCUyMmJvcmRlciUzQTAlM0IlMjIlMjBhbGxvd2Z1bGxzY3JlZW4lM0QlMjIlMjIlMjBsb2FkaW5nJTNEJTIybGF6eSUyMiUzRSUzQyUyRmlmcmFtZSUzRQ==&#8221;][\/vc_column][\/vc_row][vc_row full_width=&#8221;stretch_row&#8221; css=&#8221;.vc_custom_1457680730641{background-color: #ffffff !important;}&#8221;][vc_column][vc_empty_space height=&#8221;100px&#8221;][tt_gm_info_block_shortcode sort_1=&#8221;o-blockquote&#8221; sort_2=&#8221;o-title&#8221; sort_3=&#8221;o-separator&#8221; title=&#8221;CONT\u00c1CTANOS&#8221; title_space=&#8221;30&#8243; blq=&#8221;Solicita una cotizaci\u00f3n o ponte en contacto con nostros.&#8221; teaser_size=&#8221;16&#8243; blq_space=&#8221;15&#8243; sp_space=&#8221;40&#8243; alignment=&#8221;center&#8221;][\/tt_gm_info_block_shortcode]<div role=\"form\" class=\"wpcf7\" id=\"wpcf7-f2098-o1\" lang=\"en-US\" dir=\"ltr\">\n<div class=\"screen-reader-response\"><p role=\"status\" aria-live=\"polite\" aria-atomic=\"true\"><\/p> <ul><\/ul><\/div>\n<form action=\"\/index.php\/wp-json\/wp\/v2\/pages\/1874#wpcf7-f2098-o1\" method=\"post\" class=\"wpcf7-form init\" novalidate=\"novalidate\" data-status=\"init\">\n<div style=\"display: none;\">\n<input type=\"hidden\" name=\"_wpcf7\" value=\"2098\" \/>\n<input type=\"hidden\" name=\"_wpcf7_version\" value=\"5.4\" \/>\n<input type=\"hidden\" name=\"_wpcf7_locale\" value=\"en_US\" \/>\n<input type=\"hidden\" name=\"_wpcf7_unit_tag\" value=\"wpcf7-f2098-o1\" \/>\n<input type=\"hidden\" name=\"_wpcf7_container_post\" value=\"0\" \/>\n<input type=\"hidden\" name=\"_wpcf7_posted_data_hash\" value=\"\" \/>\n<\/div>\n<div class=\"gmcontactform\">\n<p>Nombre completo (requerido)<br \/>\n    <span class=\"wpcf7-form-control-wrap your-name\"><input type=\"text\" name=\"your-name\" value=\"\" size=\"40\" class=\"wpcf7-form-control wpcf7-text wpcf7-validates-as-required\" aria-required=\"true\" aria-invalid=\"false\" \/><\/span> <\/p>\n<p>Correo electr\u00f3nico (requerido)<br \/>\n    <span class=\"wpcf7-form-control-wrap your-email\"><input type=\"email\" name=\"your-email\" value=\"\" size=\"40\" class=\"wpcf7-form-control wpcf7-text wpcf7-email wpcf7-validates-as-required wpcf7-validates-as-email\" aria-required=\"true\" aria-invalid=\"false\" \/><\/span> <\/p>\n<p>Asunto<br \/>\n    <span class=\"wpcf7-form-control-wrap your-subject\"><input type=\"text\" name=\"your-subject\" value=\"\" size=\"40\" class=\"wpcf7-form-control wpcf7-text\" aria-invalid=\"false\" \/><\/span> <\/p>\n<p>Comentarios (Por favor proporciona informaci\u00f3n detallada de lo que necesitas saber)<br \/>\n    <span class=\"wpcf7-form-control-wrap your-message\"><textarea name=\"your-message\" cols=\"40\" rows=\"10\" class=\"wpcf7-form-control wpcf7-textarea\" aria-invalid=\"false\"><\/textarea><\/span> <\/p>\n<p><input type=\"submit\" value=\"Enviar\" class=\"wpcf7-form-control wpcf7-submit\" \/><\/p>\n<\/div>\n<div class=\"wpcf7-response-output\" aria-hidden=\"true\"><\/div><\/form><\/div>[\/vc_column][\/vc_row][vc_row full_width=&#8221;stretch_row_content_no_spaces&#8221; css=&#8221;.vc_custom_1463293061509{background-color: #ffffff !important;}&#8221;][vc_column][vc_empty_space height=&#8221;60px&#8221;][\/vc_column][\/vc_row]<\/p>\n","protected":false},"excerpt":{"rendered":"<p>[vc_row full_width=&#8221;stretch_row&#8221; css=&#8221;.vc_custom_1457680812668{margin-bottom: 100px !important;background-color: #f7f7f7 !important;}&#8221;][vc_column width=&#8221;5\/12&#8243; el_class=&#8221;white-highlight&#8221; css=&#8221;.vc_custom_1457713566993{margin-top: -32px !important;padding-top: 75px !important;padding-right: 45px !important;padding-bottom: 75px !important;padding-left: 45px !important;background-color: #ffffff !important;}&#8221;][tt_gm_info_block_shortcode sort_1=&#8221;o-subtitle&#8221; sort_2=&#8221;o-title&#8221; sort_3=&#8221;o-blockquote&#8221; sort_4=&#8221;o-separator&#8221; title=&#8221;CONT\u00c1CTENOS&#8221; title_size=&#8221;30&#8243; title_space=&#8221;30&#8243; title_color=&#8221;#2c2e30&#8243; subtitle=&#8221;Estamos para servirle&#8221; blq=&#8221;P\u00f3ngase en contacto con nosotros a trav\u00e9s de nuestros diferentes canales y en breve uno de nuestros agentes lo atender\u00e1.&#8221; blq_space=&#8221;30&#8243; sp_space=&#8221;40&#8243; [&hellip;]<\/p>\n","protected":false},"author":1,"featured_media":0,"parent":0,"menu_order":0,"comment_status":"closed","ping_status":"closed","template":"","meta":[],"_links":{"self":[{"href":"https:\/\/printseg.com.mx\/index.php\/wp-json\/wp\/v2\/pages\/1874"}],"collection":[{"href":"https:\/\/printseg.com.mx\/index.php\/wp-json\/wp\/v2\/pages"}],"about":[{"href":"https:\/\/printseg.com.mx\/index.php\/wp-json\/wp\/v2\/types\/page"}],"author":[{"embeddable":true,"href":"https:\/\/printseg.com.mx\/index.php\/wp-json\/wp\/v2\/users\/1"}],"replies":[{"embeddable":true,"href":"https:\/\/printseg.com.mx\/index.php\/wp-json\/wp\/v2\/comments?post=1874"}],"version-history":[{"count":8,"href":"https:\/\/printseg.com.mx\/index.php\/wp-json\/wp\/v2\/pages\/1874\/revisions"}],"predecessor-version":[{"id":2100,"href":"https:\/\/printseg.com.mx\/index.php\/wp-json\/wp\/v2\/pages\/1874\/revisions\/2100"}],"wp:attachment":[{"href":"https:\/\/printseg.com.mx\/index.php\/wp-json\/wp\/v2\/media?parent=1874"}],"curies":[{"name":"wp","href":"https:\/\/api.w.org\/{rel}","templated":true}]}}