{"id":1870,"date":"2021-02-24T20:11:26","date_gmt":"2021-02-24T20:11:26","guid":{"rendered":"http:\/\/printseg.com.mx\/?page_id=1870"},"modified":"2023-04-21T11:53:47","modified_gmt":"2023-04-21T17:53:47","slug":"quienes-somos","status":"publish","type":"page","link":"https:\/\/printseg.com.mx\/index.php\/quienes-somos\/","title":{"rendered":"Qui\u00e9nes Somos"},"content":{"rendered":"<p>[vc_row full_width=&#8221;stretch_row_content_no_spaces&#8221; css=&#8221;.vc_custom_1457785042557{margin-top: 0px !important;margin-bottom: 0px !important;border-top-width: 0px !important;border-bottom-width: 0px !important;padding-top: 0px !important;padding-bottom: 0px !important;background-color: #ffffff !important;}&#8221;][vc_column width=&#8221;1\/2&#8243; css=&#8221;.vc_custom_1457621688297{margin-top: 0px !important;padding-top: 0px !important;background-position: center !important;background-repeat: no-repeat !important;background-size: cover !important;}&#8221;][vc_single_image image=&#8221;1751&#8243; img_size=&#8221;670&#215;500&#8243; css=&#8221;.vc_custom_1457785340698{margin-bottom: 0px !important;}&#8221;][\/vc_column][vc_column width=&#8221;1\/2&#8243;][vc_row_inner css=&#8221;.vc_custom_1457785388421{padding-top: 50px !important;padding-right: 100px !important;padding-left: 100px !important;}&#8221;][vc_column_inner][tt_gm_info_block_shortcode sort_1=&#8221;o-blockquote&#8221; sort_2=&#8221;o-title&#8221; sort_3=&#8221;o-separator&#8221; sort_4=&#8221;o-description&#8221; title=&#8221;\u00bfQUI\u00c9NES SOMOS?&#8221; title_size=&#8221;30&#8243; title_space=&#8221;30&#8243; description_color=&#8221;#888888&#8243; blq=&#8221;CON M\u00c1S DE 15 A\u00d1OS DE EXPERIENCIA&#8221; teaser_size=&#8221;16&#8243; blq_space=&#8221;4&#8243; sp_space=&#8221;40&#8243; line=&#8221;yes&#8221; description=&#8221;Dolor sit amet consectetur adipisicing elit sed do eiusmod tempor incididunt dolore magna aliq sud enimad minim veniam quis exercitation ullamco laboris nisi ut aliquip exea commodo conse- quat duis aute irure dolor in reprehenderit in voluptate.&#8221;]EN LOS A\u00d1OS 90\u2019S, EL CAPIT\u00c1N SALVADOR L\u00d3PEZ CREA LA EMPRESA GRUPO CONSULTORES, UNA ORGANIZACI\u00d3N QUE COMENZ\u00d3 A CRECER ANTE LA DEMANDA DE SERVICIOS, LA CUAL ERA CADA VEZ MAYOR Y ES POR ELLO QUE, EN EL A\u00d1O 2020 DECIDE CREAR UNA NUEVA COMPA\u00d1\u00cdA: <b>PRINTSEG PROTECCI\u00d3N INTEGRAL Y SEGURIDAD PRIVADA S.A. DE C.V<\/b>, TENIENDO LA FINALIDAD\u00a0 DE OFRECER SERVICIOS DE CALIDAD A PRECIOS COMPETITIVOS, CON MAYOR ACERCAMIENTO HACIA SUS ASOCIADOS COMERCIALES GENERANDO UN \u00c1MBITO DE CONFIANZA Y CALIDAD HUMANA.[\/tt_gm_info_block_shortcode][\/vc_column_inner][\/vc_row_inner][\/vc_column][\/vc_row][vc_row full_width=&#8221;stretch_row_content_no_spaces&#8221; css=&#8221;.vc_custom_1457785042557{margin-top: 0px !important;margin-bottom: 0px !important;border-top-width: 0px !important;border-bottom-width: 0px !important;padding-top: 0px !important;padding-bottom: 0px !important;background-color: #ffffff !important;}&#8221;][vc_column width=&#8221;1\/2&#8243; css=&#8221;.vc_custom_1457621688297{margin-top: 0px !important;padding-top: 0px !important;background-position: center !important;background-repeat: no-repeat !important;background-size: cover !important;}&#8221;][vc_row_inner css=&#8221;.vc_custom_1457785388421{padding-top: 50px !important;padding-right: 100px !important;padding-left: 100px !important;}&#8221;][vc_column_inner][tt_gm_info_block_shortcode sort_1=&#8221;o-blockquote&#8221; sort_2=&#8221;o-title&#8221; sort_3=&#8221;o-separator&#8221; sort_4=&#8221;o-description&#8221; title=&#8221;PRINTSEG Protecci\u00f3n Integral y Seguridad Privada&#8221; title_size=&#8221;30&#8243; title_space=&#8221;30&#8243; description_color=&#8221;#888888&#8243; blq=&#8221;NUESTRO COMPROMISO&#8221; teaser_size=&#8221;16&#8243; blq_space=&#8221;4&#8243; sp_space=&#8221;40&#8243; line=&#8221;yes&#8221; description=&#8221;Dolor sit amet consectetur adipisicing elit sed do eiusmod tempor incididunt dolore magna aliq sud enimad minim veniam quis exercitation ullamco laboris nisi ut aliquip exea commodo conse- quat duis aute irure dolor in reprehenderit in voluptate.&#8221;]AL SER UNA RAMA DE GRUPO CONSULTORES, EMPRESA CERTIFICADA EN BASC, ISO 9001-2015, ESR Y QUE CUENTA CON TODOS LOS PERMISOS REGULATORIOS, PODEMOS ASEVERAR QUE CONTAMOS CON ESTRICTOS FILTROS EN LA CONTRATACI\u00d3N DE PERSONAL, GARANTIZANDO TENER CANDIDATOS CON LOS PERFILES ADECUADOS PARA CADA CASO EN PARTICULAR.<\/p>\n<p>EL COMPROMISO DE PRINTSEG PROTECCI\u00d3N INTEGRAL Y SEGURIDAD PRIVADA S.A. DE C.V. ES OFRECER SERVICIOS DE SEGURIDAD EFICIENTES Y PROPORCIONAR SOLUCIONES EFECTIVAS A LOS ASOCIADOS COMERCIALES QUE CONTRIBUYAN AL LOGRO DE OBJETIVOS Y METAS ORGANIZACIONALES, ASI MISMO MOTIVAR Y DESARROLLAR A LOS COLABORADORES QUE HAN ESTADO CON NOSOTROS POR MAS DE 15 A\u00d1OS.[\/tt_gm_info_block_shortcode][\/vc_column_inner][\/vc_row_inner][\/vc_column][vc_column width=&#8221;1\/2&#8243;][vc_single_image image=&#8221;1751&#8243; img_size=&#8221;670&#215;500&#8243; css=&#8221;.vc_custom_1457785340698{margin-bottom: 0px !important;}&#8221;][\/vc_column][\/vc_row][vc_row full_width=&#8221;stretch_row&#8221; css=&#8221;.vc_custom_1457507159867{margin-bottom: 20px !important;background-color: #f7f7f7 !important;}&#8221;][vc_column width=&#8221;1\/3&#8243;][vc_single_image image=&#8221;1426&#8243; img_size=&#8221;full&#8221; alignment=&#8221;center&#8221; css=&#8221;.vc_custom_1457505710831{margin-bottom: 0px !important;}&#8221;][tt_gm_info_block_shortcode sort_1=&#8221;o-title&#8221; sort_2=&#8221;o-blockquote&#8221; sort_3=&#8221;o-description&#8221; title=&#8221;MISI\u00d3N&#8221; title_size=&#8221;14&#8243; title_space=&#8221;13&#8243; desc_size=&#8221;14&#8243; desc_space=&#8221;12&#8243; blq_space=&#8221;20&#8243; description=&#8221;Lorem ipsum dolor sit amet, consectetur adip elit sed do eiusmod tempor incididunt labore at dolore magna aliqua uat enim minim venia quis nostrud exercitation&#8221; el_class=&#8221;info&#8221;]Ser la mejor organizaci\u00f3n en Seguridad Privada, brindando respaldo y cobertura a las necesidades de nuestros asociados de negocio; garantizando que los servicios sean prestados con el personal debidamente seleccionado y capacitado. Respaldando el desarrollo en sus actividades y procesos de mejora continua.[\/tt_gm_info_block_shortcode][\/vc_column][vc_column width=&#8221;1\/3&#8243;][tt_gm_video_block_shortcode image=&#8221;1427&#8243; title=&#8221;WATCH THE TOUR&#8221; subtitle=&#8221;Explore what we do for Security&#8221; link=&#8221;https:\/\/vimeo.com\/45830194&#8243;][\/vc_column][vc_column width=&#8221;1\/3&#8243;][vc_single_image image=&#8221;1428&#8243; img_size=&#8221;full&#8221; alignment=&#8221;center&#8221; css=&#8221;.vc_custom_1457505718874{margin-bottom: 0px !important;}&#8221;][tt_gm_info_block_shortcode sort_1=&#8221;o-title&#8221; sort_2=&#8221;o-blockquote&#8221; sort_3=&#8221;o-description&#8221; title=&#8221;VISI\u00d3N&#8221; title_size=&#8221;14&#8243; title_space=&#8221;13&#8243; desc_size=&#8221;14&#8243; desc_space=&#8221;12&#8243; blq_space=&#8221;20&#8243; description=&#8221;Lorem ipsum dolor sit amet, consectetur adip elit sed do eiusmod tempor incididunt labore at dolore magna aliqua uat enim minim venia quis nostrud exercitation&#8221; el_class=&#8221;info&#8221;]Ser considerados como la mejor soluci\u00f3n a los problemas de seguridad y prevenci\u00f3n, ofreciendo contar con los m\u00e1s altos est\u00e1ndares de calidad y con ello lograr el desarrollo de su recurso humano, por medio de la capacitaci\u00f3n, bienestar familiar y seguridad social.[\/tt_gm_info_block_shortcode][\/vc_column][\/vc_row][vc_row full_width=&#8221;stretch_row&#8221; parallax=&#8221;content-moving&#8221; parallax_image=&#8221;1388&#8243; css=&#8221;.vc_custom_1457511162014{padding-top: 120px !important;padding-bottom: 120px !important;}&#8221;][vc_column width=&#8221;1\/2&#8243;][tt_gm_info_block_shortcode type=&#8221;type_2&#8243; sort_1=&#8221;o-title&#8221; sort_2=&#8221;o-blockquote&#8221; sort_3=&#8221;o-separator&#8221; sort_4=&#8221;o-description&#8221; title=&#8221;Expertos en Seguridad&#8221; title_size=&#8221;24&#8243; title_space=&#8221;6&#8243; title_color=&#8221;#ffffff&#8221; desc_space=&#8221;21&#8243; description_color=&#8221;#cccccc&#8221; blq=&#8221;M\u00e1s de 15 a\u00f1os de experiencia&#8221; teaser_size=&#8221;16&#8243; blq_space=&#8221;30&#8243; blq_color=&#8221;#cccccc&#8221; sp_space=&#8221;45&#8243; custom_icon=&#8221;flaticon-shield20&#8243; icon_color=&#8221;#ffffff&#8221; line_color=&#8221;#919191&#8243; description=&#8221;Lorem ipsum dolor sit amet consectetur adipisicing elit sed dol eiusmod tempor incididunt dolor magna aliqua ut enim minim veniam quis nostrud exercitation ullamco aboris nisi dualiquip commod conseque aute irure.&#8221;]Ofrecer servicios de seguridad eficientes y proporcionar soluciones efectivas a los asociados comerciales que contribuyan al logro de objetivos y metas organizacionales.[\/tt_gm_info_block_shortcode][\/vc_column][vc_column width=&#8221;1\/2&#8243;][tt_gm_info_block_shortcode type=&#8221;type_2&#8243; sort_1=&#8221;o-title&#8221; sort_2=&#8221;o-blockquote&#8221; sort_3=&#8221;o-separator&#8221; sort_4=&#8221;o-description&#8221; title=&#8221;En proceso de certificaci\u00f3n BASC&#8221; title_size=&#8221;24&#8243; title_space=&#8221;6&#8243; title_color=&#8221;#ffffff&#8221; desc_space=&#8221;21&#8243; description_color=&#8221;#cccccc&#8221; blq=&#8221;Confianza y calidad humana&#8221; teaser_size=&#8221;16&#8243; blq_space=&#8221;30&#8243; blq_color=&#8221;#cccccc&#8221; sp_space=&#8221;45&#8243; custom_icon=&#8221;flaticon-shield20&#8243; type_icon=&#8221;&#8221; icon_color=&#8221;#ffffff&#8221; line_color=&#8221;&#8221; description=&#8221;Lorem ipsum dolor sit amet consectetur adipisicing elit sed dol eiusmod tempor incididunt dolor magna aliqua ut enim minim veniam quis nostrud exercitation ullamco aboris nisi dualiquip commod conseque aute irure.&#8221;]Contamos con estrictos filtros en la contrataci\u00f3n de personal, garantizando tener candidatos con los perfiles adecuados para cada caso en particular.[\/tt_gm_info_block_shortcode][\/vc_column][\/vc_row][vc_row][vc_column width=&#8221;1\/3&#8243;][\/vc_column][vc_column width=&#8221;1\/3&#8243;][tt_gm_headline_shortcode title=&#8221;C\u00f3digo de \u00c9tica&#8221; subtitle=&#8221;Descarga nuestro C\u00f3digo de \u00c9tica&#8221;][\/vc_column][vc_column width=&#8221;1\/3&#8243;][\/vc_column][\/vc_row][vc_row][vc_column][vc_btn title=&#8221;Descargar&#8221; color=&#8221;warning&#8221; size=&#8221;lg&#8221; align=&#8221;center&#8221; link=&#8221;url:https%3A%2F%2Fprintseg.com.mx%2Fwp-content%2Fuploads%2F2023%2F04%2Fcodigo-de-etica.pdf|target:_blank&#8221; css=&#8221;.vc_custom_1682024440009{margin-top: 25px !important;}&#8221;][\/vc_column][\/vc_row]<\/p>\n","protected":false},"excerpt":{"rendered":"<p>[vc_row full_width=&#8221;stretch_row_content_no_spaces&#8221; css=&#8221;.vc_custom_1457785042557{margin-top: 0px !important;margin-bottom: 0px !important;border-top-width: 0px !important;border-bottom-width: 0px !important;padding-top: 0px !important;padding-bottom: 0px !important;background-color: #ffffff !important;}&#8221;][vc_column width=&#8221;1\/2&#8243; css=&#8221;.vc_custom_1457621688297{margin-top: 0px !important;padding-top: 0px !important;background-position: center !important;background-repeat: no-repeat !important;background-size: cover !important;}&#8221;][vc_single_image image=&#8221;1751&#8243; img_size=&#8221;670&#215;500&#8243; css=&#8221;.vc_custom_1457785340698{margin-bottom: 0px !important;}&#8221;][\/vc_column][vc_column width=&#8221;1\/2&#8243;][vc_row_inner css=&#8221;.vc_custom_1457785388421{padding-top: 50px !important;padding-right: 100px !important;padding-left: 100px !important;}&#8221;][vc_column_inner][tt_gm_info_block_shortcode sort_1=&#8221;o-blockquote&#8221; sort_2=&#8221;o-title&#8221; sort_3=&#8221;o-separator&#8221; sort_4=&#8221;o-description&#8221; title=&#8221;\u00bfQUI\u00c9NES SOMOS?&#8221; title_size=&#8221;30&#8243; title_space=&#8221;30&#8243; description_color=&#8221;#888888&#8243; blq=&#8221;CON M\u00c1S DE 15 [&hellip;]<\/p>\n","protected":false},"author":1,"featured_media":0,"parent":0,"menu_order":0,"comment_status":"closed","ping_status":"closed","template":"","meta":[],"_links":{"self":[{"href":"https:\/\/printseg.com.mx\/index.php\/wp-json\/wp\/v2\/pages\/1870"}],"collection":[{"href":"https:\/\/printseg.com.mx\/index.php\/wp-json\/wp\/v2\/pages"}],"about":[{"href":"https:\/\/printseg.com.mx\/index.php\/wp-json\/wp\/v2\/types\/page"}],"author":[{"embeddable":true,"href":"https:\/\/printseg.com.mx\/index.php\/wp-json\/wp\/v2\/users\/1"}],"replies":[{"embeddable":true,"href":"https:\/\/printseg.com.mx\/index.php\/wp-json\/wp\/v2\/comments?post=1870"}],"version-history":[{"count":12,"href":"https:\/\/printseg.com.mx\/index.php\/wp-json\/wp\/v2\/pages\/1870\/revisions"}],"predecessor-version":[{"id":2107,"href":"https:\/\/printseg.com.mx\/index.php\/wp-json\/wp\/v2\/pages\/1870\/revisions\/2107"}],"wp:attachment":[{"href":"https:\/\/printseg.com.mx\/index.php\/wp-json\/wp\/v2\/media?parent=1870"}],"curies":[{"name":"wp","href":"https:\/\/api.w.org\/{rel}","templated":true}]}}